{"id":204,"date":"2018-08-29T13:25:47","date_gmt":"2018-08-29T12:25:47","guid":{"rendered":"http:\/\/www-desir.lip6.fr\/~luengo\/?page_id=204"},"modified":"2018-08-29T13:29:39","modified_gmt":"2018-08-29T12:29:39","slug":"intelligence-artificielle-pour-leducation","status":"publish","type":"page","link":"https:\/\/perso.lip6.fr\/Vanda.Luengo\/index.php\/intelligence-artificielle-pour-leducation\/","title":{"rendered":"Intelligence Artificielle pour l&rsquo;\u00e9ducation"},"content":{"rendered":"<p>Pour am\u00e9liorer les interactions entre l&rsquo;apprenant et le syst\u00e8me je m\u2019int\u00e9resse \u00e0 la<a href=\"http:\/\/www-desir.lip6.fr\/~luengo\/index.php\/projet-de-recherche\/conception-eiah-centree-connaissance\/modelisation-utilisateur-en-eiah\/\"> mod\u00e9lisation de l&rsquo;apprenant<\/a> en tant que sujet \u00e9pist\u00e9mique au <a href=\"http:\/\/www-desir.lip6.fr\/~luengo\/index.php\/projet-de-recherche\/conception-eiah-centree-connaissance\/diagnostic-des-connaissances\/\">diagnostic<\/a> des ces actions et comportements et \u00e0 la <a href=\"http:\/\/www-desir.lip6.fr\/~luengo\/index.php\/projet-de-recherche\/conception-eiah-centree-connaissance\/retroactions-epistemiques\/\">mod\u00e9lisation de la r\u00e9troaction<\/a> imm\u00e9diate ou diff\u00e9r\u00e9e.<\/p>\n","protected":false},"excerpt":{"rendered":"<p>Pour am\u00e9liorer les interactions entre l&rsquo;apprenant et le syst\u00e8me je m\u2019int\u00e9resse \u00e0 la mod\u00e9lisation de l&rsquo;apprenant en tant que sujet \u00e9pist\u00e9mique au diagnostic des ces actions et comportements et \u00e0 la mod\u00e9lisation de la r\u00e9troaction imm\u00e9diate ou diff\u00e9r\u00e9e.<\/p>\n","protected":false},"author":1,"featured_media":0,"parent":0,"menu_order":0,"comment_status":"closed","ping_status":"closed","template":"","meta":{"footnotes":""},"class_list":["post-204","page","type-page","status-publish","hentry"],"_links":{"self":[{"href":"https:\/\/perso.lip6.fr\/Vanda.Luengo\/index.php\/wp-json\/wp\/v2\/pages\/204","targetHints":{"allow":["GET"]}}],"collection":[{"href":"https:\/\/perso.lip6.fr\/Vanda.Luengo\/index.php\/wp-json\/wp\/v2\/pages"}],"about":[{"href":"https:\/\/perso.lip6.fr\/Vanda.Luengo\/index.php\/wp-json\/wp\/v2\/types\/page"}],"author":[{"embeddable":true,"href":"https:\/\/perso.lip6.fr\/Vanda.Luengo\/index.php\/wp-json\/wp\/v2\/users\/1"}],"replies":[{"embeddable":true,"href":"https:\/\/perso.lip6.fr\/Vanda.Luengo\/index.php\/wp-json\/wp\/v2\/comments?post=204"}],"version-history":[{"count":3,"href":"https:\/\/perso.lip6.fr\/Vanda.Luengo\/index.php\/wp-json\/wp\/v2\/pages\/204\/revisions"}],"predecessor-version":[{"id":208,"href":"https:\/\/perso.lip6.fr\/Vanda.Luengo\/index.php\/wp-json\/wp\/v2\/pages\/204\/revisions\/208"}],"wp:attachment":[{"href":"https:\/\/perso.lip6.fr\/Vanda.Luengo\/index.php\/wp-json\/wp\/v2\/media?parent=204"}],"curies":[{"name":"wp","href":"https:\/\/api.w.org\/{rel}","templated":true}]}}