{"id":26,"date":"2016-02-24T18:04:32","date_gmt":"2016-02-24T17:04:32","guid":{"rendered":"http:\/\/www-desir.lip6.fr\/~luengo\/?page_id=26"},"modified":"2025-02-03T14:59:19","modified_gmt":"2025-02-03T13:59:19","slug":"projet-de-recherche","status":"publish","type":"page","link":"https:\/\/perso.lip6.fr\/Vanda.Luengo\/index.php\/projet-de-recherche\/","title":{"rendered":"Th\u00e9matiques"},"content":{"rendered":"<p>Ma recherche porte sur la mod\u00e9lisation informatique des interactions favorisant l\u2019apprentissage humain dont le positionnement est d\u2019associer des approches s\u00e9mantiques et num\u00e9riques.\u00a0 Cette mod\u00e9lisation cherche \u00e0 repr\u00e9senter l\u2019apprenant, les connaissances, enjeu d\u2019apprentissage, et le syst\u00e8me de r\u00e9troaction. Puisque dans la d\u00e9marche je cherche \u00e0 combiner les donn\u00e9es d\u2019interaction et les connaissances expertes, trois sous domaines sont concern\u00e9s par ma recherche\u00a0: L\u2019intelligence artificielle en \u00e9ducation (Artificial Intelligence in Education AIED), la fouilles des donn\u00e9es \u00e9ducatives (Educational Data Mining EDM) et l\u2019analytique des apprentissages avec le num\u00e9rique (learning Analytics LA).<\/p>\n<div id=\"description\">\n<p>Si certains de mes travaux ont pour cadre des apprentissages classiques (math\u00e9matiques ou la physique), je m\u2019int\u00e9resse\u00a0\u00e9galement aux apprentissages professionnels (la chirurgie, l\u2019urologie et le pilotage d\u2019avions de ligne), activit\u00e9s impliquant de nombreuses formes de connaissances, dont des connaissances mal d\u00e9finies ou des connaissances tacites tels que le geste chirurgical.<\/p>\n<p>Un autre aspect non n\u00e9gligeable de mes recherches est le fait qu\u2019elles soient confront\u00e9es \u00e0 des probl\u00e8mes d\u2019ing\u00e9nierie. Ainsi, pour pouvoir \u00e9valuer certaines de nos propositions, nous devons construire pr\u00e9alablement des environnements suffisamment robustes pour qu\u2019ils puissent \u00eatre manipul\u00e9s par des utilisatrices et utilisateurs\u00a0 finaux (apprenantes et apprenants, expertes et experts du domaines, formatrices et formateurs, enseignantes et enseignants), et auxquels nous int\u00e9grons nos modules de recherche.<\/p>\n<\/div>\n","protected":false},"excerpt":{"rendered":"<p>Ma recherche porte sur la mod\u00e9lisation informatique des interactions favorisant l\u2019apprentissage humain dont le positionnement est d\u2019associer des approches s\u00e9mantiques et num\u00e9riques.\u00a0 Cette mod\u00e9lisation cherche \u00e0 repr\u00e9senter l\u2019apprenant, les connaissances, enjeu d\u2019apprentissage, et le syst\u00e8me de r\u00e9troaction. Puisque dans la d\u00e9marche je cherche \u00e0 combiner les donn\u00e9es d\u2019interaction et les connaissances expertes, trois sous domaines &hellip; <a href=\"https:\/\/perso.lip6.fr\/Vanda.Luengo\/index.php\/projet-de-recherche\/\" class=\"more-link\">Continuer la lecture de <span class=\"screen-reader-text\">Th\u00e9matiques<\/span><\/a><\/p>\n","protected":false},"author":1,"featured_media":0,"parent":0,"menu_order":0,"comment_status":"closed","ping_status":"closed","template":"","meta":{"footnotes":""},"class_list":["post-26","page","type-page","status-publish","hentry"],"_links":{"self":[{"href":"https:\/\/perso.lip6.fr\/Vanda.Luengo\/index.php\/wp-json\/wp\/v2\/pages\/26","targetHints":{"allow":["GET"]}}],"collection":[{"href":"https:\/\/perso.lip6.fr\/Vanda.Luengo\/index.php\/wp-json\/wp\/v2\/pages"}],"about":[{"href":"https:\/\/perso.lip6.fr\/Vanda.Luengo\/index.php\/wp-json\/wp\/v2\/types\/page"}],"author":[{"embeddable":true,"href":"https:\/\/perso.lip6.fr\/Vanda.Luengo\/index.php\/wp-json\/wp\/v2\/users\/1"}],"replies":[{"embeddable":true,"href":"https:\/\/perso.lip6.fr\/Vanda.Luengo\/index.php\/wp-json\/wp\/v2\/comments?post=26"}],"version-history":[{"count":14,"href":"https:\/\/perso.lip6.fr\/Vanda.Luengo\/index.php\/wp-json\/wp\/v2\/pages\/26\/revisions"}],"predecessor-version":[{"id":372,"href":"https:\/\/perso.lip6.fr\/Vanda.Luengo\/index.php\/wp-json\/wp\/v2\/pages\/26\/revisions\/372"}],"wp:attachment":[{"href":"https:\/\/perso.lip6.fr\/Vanda.Luengo\/index.php\/wp-json\/wp\/v2\/media?parent=26"}],"curies":[{"name":"wp","href":"https:\/\/api.w.org\/{rel}","templated":true}]}}