{"id":47,"date":"2016-02-24T18:44:07","date_gmt":"2016-02-24T17:44:07","guid":{"rendered":"http:\/\/www-desir.lip6.fr\/~luengo\/?page_id=47"},"modified":"2023-08-25T10:13:59","modified_gmt":"2023-08-25T09:13:59","slug":"charges-enseignement","status":"publish","type":"page","link":"https:\/\/perso.lip6.fr\/Vanda.Luengo\/index.php\/enseignement\/charges-enseignement\/","title":{"rendered":"Charges Collectives Enseignement"},"content":{"rendered":"<h2>Enseignement<\/h2>\n<p>Actuellement je suis<\/p>\n<ul>\n<li>Coordinatrice du projet NLSU, Sorbonne Universit\u00e9<\/li>\n<li>co directrice du master de management de l&rsquo;innovation en sciences<\/li>\n<li>Responsable du parcours EdTech en master<\/li>\n<\/ul>\n<p style=\"text-align: justify;\">Dans le pass\u00e9<\/p>\n<ul>\n<li style=\"text-align: justify;\">2018-2022 :\u00a0Directrice du Centre d&rsquo;Innovation p\u00e9dagogique de la facult\u00e9 de Science<\/li>\n<li style=\"text-align: justify;\">2017-2018 : Directrice de SGTICE, Universit\u00e9 Pierre et Marie Curie.<\/li>\n<li style=\"text-align: justify;\">2013-2015 : Membre du Comit\u00e9 de Pilotage Strat\u00e9gique pour la p\u00e9dagogie num\u00e9rique inter-universitaire de Grenoble.<\/li>\n<li style=\"text-align: justify;\">2014- 2015 : Directrice des \u00e9tudes de la deuxi\u00e8me ann\u00e9e.<\/li>\n<li style=\"text-align: justify;\">2003 &#8211; 2015 : Responsable des Admissions du d\u00e9partement MMI, IUT.<\/li>\n<li style=\"text-align: justify;\">2003- 2007 : Membre \u00e9lu du CA de l\u2019IUT.<\/li>\n<li style=\"text-align: justify;\">2004-2006 : Chef du d\u00e9partement SRC (Services et R\u00e9seaux de Communication) \u00e0 l\u2019IUT 1.<\/li>\n<li style=\"text-align: justify;\">2007-2009 : Coresponsable de l\u2019option Informatique centr\u00e9 humain duM2R d\u00b4informatique, UJF.<\/li>\n<li style=\"text-align: justify;\">2008-2010 : Membre de la commission p\u00e9dagogique de l&rsquo;IUT.<\/li>\n<\/ul>\n<h2>Formations<\/h2>\n<ul>\n<li>2022\u00a0Membre du comit\u00e9 scientifique de l&rsquo;\u00e9cole\u00a0 th\u00e9matique m\u00e9thodes de conduite de la recherche sur les EIAH.<\/li>\n<li>2014 Membre du comit\u00e9 p\u00e9dagogique de l&rsquo;\u00e9cole th\u00e9matique CNRS MOOC et EIAH.<\/li>\n<li>2003-2007 Membre du comit\u00e9 de pilotage de L\u2019\u00e9cole doctorale virtuelle (VDS) dans le r\u00e9seau d\u2019excellence europ\u00e9en Kaleidoscope.<\/li>\n<li>2006 Cours \u00e9cole d\u2019\u00e9t\u00e9 du GDR TIC et Soci\u00e9t\u00e9\u00a0 (Les supports de la connaissance : technologies, m\u00e9diations, apprentissage). Intitul\u00e9\u00a0: \u00ab\u00a0Contraintes didactiques et informatiques pour la formalisation des connaissances dans les EIAH\u00a0\u00bb.<\/li>\n<li>2006 tutoriel SIE-L (Societ\u00e0 Italiana di e-Learning) \u00e0 Rome : \u00ab\u00a0Simulare per apprendere : nuovi approcci e strumenti\u00a0\u00bb (http:\/\/www.sie-l.it\/siel\/modules\/sie-l\/siel.php?file=tutorial_2006).<\/li>\n<li>2006\u00a0 Membre du comit\u00e9 p\u00e9dagogique de la quatri\u00e8me \u00e9cole th\u00e9matique CNRS du RTP-39\u00a0: Simulation, R\u00e9alit\u00e9s virtuelles et augment\u00e9es et apprentissages professionnels\u00a0\u00bb, juillet 2006.<\/li>\n<li>2004, Responsable du comit\u00e9 p\u00e9dagogique de la seconde \u00e9cole th\u00e9matique CNRS du RTP-39 : Th\u00e9ories et m\u00e9thodes pour la conception, l&rsquo;\u00e9valuation et l&rsquo;usage d&rsquo;environnements informatiques pour l&rsquo;apprentissage humain, juillet 2004.<\/li>\n<li>2001, 2003 Mise en place du cours EIAH et didactique dans l\u2019\u00e9cole doctorale \u00ab\u00a0Education et informatique\u00a0\u00bb de l\u2019Universit\u00e9 de los Andes, Venezuela.<\/li>\n<li>2003 Responsable du comit\u00e9 d&rsquo;organisation de l&rsquo;\u00e9cole th\u00e9matique CNRS du RTP-39 : Les fondaments des EIAH. Autrans, juillet 2003.<\/li>\n<\/ul>\n","protected":false},"excerpt":{"rendered":"<p>Enseignement Actuellement je suis Coordinatrice du projet NLSU, Sorbonne Universit\u00e9 co directrice du master de management de l&rsquo;innovation en sciences Responsable du parcours EdTech en master Dans le pass\u00e9 2018-2022 :\u00a0Directrice du Centre d&rsquo;Innovation p\u00e9dagogique de la facult\u00e9 de Science 2017-2018 : Directrice de SGTICE, Universit\u00e9 Pierre et Marie Curie. 2013-2015 : Membre du Comit\u00e9 &hellip; <a href=\"https:\/\/perso.lip6.fr\/Vanda.Luengo\/index.php\/enseignement\/charges-enseignement\/\" class=\"more-link\">Continuer la lecture de <span class=\"screen-reader-text\">Charges Collectives Enseignement<\/span><\/a><\/p>\n","protected":false},"author":1,"featured_media":0,"parent":67,"menu_order":0,"comment_status":"closed","ping_status":"closed","template":"","meta":{"footnotes":""},"class_list":["post-47","page","type-page","status-publish","hentry"],"_links":{"self":[{"href":"https:\/\/perso.lip6.fr\/Vanda.Luengo\/index.php\/wp-json\/wp\/v2\/pages\/47","targetHints":{"allow":["GET"]}}],"collection":[{"href":"https:\/\/perso.lip6.fr\/Vanda.Luengo\/index.php\/wp-json\/wp\/v2\/pages"}],"about":[{"href":"https:\/\/perso.lip6.fr\/Vanda.Luengo\/index.php\/wp-json\/wp\/v2\/types\/page"}],"author":[{"embeddable":true,"href":"https:\/\/perso.lip6.fr\/Vanda.Luengo\/index.php\/wp-json\/wp\/v2\/users\/1"}],"replies":[{"embeddable":true,"href":"https:\/\/perso.lip6.fr\/Vanda.Luengo\/index.php\/wp-json\/wp\/v2\/comments?post=47"}],"version-history":[{"count":11,"href":"https:\/\/perso.lip6.fr\/Vanda.Luengo\/index.php\/wp-json\/wp\/v2\/pages\/47\/revisions"}],"predecessor-version":[{"id":325,"href":"https:\/\/perso.lip6.fr\/Vanda.Luengo\/index.php\/wp-json\/wp\/v2\/pages\/47\/revisions\/325"}],"up":[{"embeddable":true,"href":"https:\/\/perso.lip6.fr\/Vanda.Luengo\/index.php\/wp-json\/wp\/v2\/pages\/67"}],"wp:attachment":[{"href":"https:\/\/perso.lip6.fr\/Vanda.Luengo\/index.php\/wp-json\/wp\/v2\/media?parent=47"}],"curies":[{"name":"wp","href":"https:\/\/api.w.org\/{rel}","templated":true}]}}