{"id":54,"date":"2016-02-24T18:48:53","date_gmt":"2016-02-24T17:48:53","guid":{"rendered":"http:\/\/www-desir.lip6.fr\/~luengo\/?page_id=54"},"modified":"2024-08-13T16:06:25","modified_gmt":"2024-08-13T15:06:25","slug":"curriculum","status":"publish","type":"page","link":"https:\/\/perso.lip6.fr\/Vanda.Luengo\/index.php\/curriculum\/","title":{"rendered":"Curriculum"},"content":{"rendered":"<h1>Etudes, qualifications et primes<\/h1>\n<ul>\n<li>Dipl\u00f4me d\u2019Ing\u00e9nieur en Informatique de l&rsquo;universit\u00e9 Sim\u00f3n Bol\u00edvar, Caracas. \u00c9tudes d\u2019Ing\u00e9nieur en Informatique (dure de 5 ans). Juin 1991.<\/li>\n<li>DEA en Didactique des Disciplines Scientifiques, Universit\u00e9 Joseph Fourier, Grenoble. Septembre 1993.<\/li>\n<li>Doctorat Universit\u00e9 Joseph Fourier, Grenoble. Septembre 1997.\n<ul>\n<li>Qualification du CNU de France aux fonctions de Ma\u00eetre de Conf\u00e9rences dans la section 27 (Informatique) et dans la section 26 (Math\u00e9matiques appliques et applications des Math\u00e9matiques).<\/li>\n<\/ul>\n<\/li>\n<li>Habilitation \u00e0 diriger des recherches Universit\u00e9 Joseph Fourier. D\u00e9cembre 2009.\n<ul>\n<li>Qualification du CNU de France aux fonctions de Professeur des Universit\u00e9s dans la section 27 (Informatique).<\/li>\n<\/ul>\n<\/li>\n<li>Entre 2007 et 2012, prime de responsabilit\u00e9 p\u00e9dagogique : responsable des admissions du d\u00e9partement.<\/li>\n<li>2005, 2006, prime chef de d\u00e9partement.<\/li>\n<li>Depuis 2009 j&rsquo;ai la prime d\u2019excellence scientifique.<\/li>\n<\/ul>\n<p><!--more--><\/p>\n<h1>Parcours Profesionnel<\/h1>\n<p><strong><span style=\"text-decoration: underline;\">\u2022Professeure Universitaire <\/span><\/strong><br \/>\nPoste de Professeur des universit\u00e9s au 1 septembre 2015<br \/>\nLaboratoire LIP6,\u00a0Sorbonne Universit\u00e9<\/p>\n<p><strong><span style=\"text-decoration: underline;\">\u2022Ma\u00eetre de Conf\u00e9rences UJF, IUT 1, Grenoble<\/span><\/strong><br \/>\nPoste de Ma\u00eetre de Conf\u00e9rences au 1er octobre 2001<br \/>\nLaboratoire LIG, D\u00e9partement MMI, IUT 1<br \/>\n\u2022 Mars 2010-Ao\u00fbt 2010 Mobilit\u00e9 de recherche: Chercheur Invit\u00e9 University of California, Berkeley, projet TELS (http:\/\/telscenter.org\/).<br \/>\n\u2022 Janv 2008-Ao\u00fbt 2008 Mobilit\u00e9 de recherche: Chercheur Invit\u00e9 H\u00f4pital de Nanterre et Laboratoire LIP6, \u00e9quipe MoCAH.<br \/>\n\u2022 Sept 2006-Ao\u00fbt 2007 D\u00e9l\u00e9gation CNRS: Laboratoire TIMC, Grenoble<\/p>\n<p><strong><span style=\"text-decoration: underline;\">\u2022 Oct. 2000- Sept. 2001 CHU de Grenoble<\/span><\/strong><br \/>\nIng\u00e9nieure recherche tra\u00e7age des maladies nosocomiale, CHU de Grenoble<\/p>\n<p><strong><span style=\"text-decoration: underline;\">\u2022 Oct. 1999- Sept. 2000 CTA, Grenoble<\/span><\/strong><br \/>\nFormatrice Multim\u00e9dia r\u00e9seaux au Centre Technologique d\u2019Applications, Universit\u00e9 Joseph Fourier<br \/>\nArr\u00eat maternit\u00e9<\/p>\n<p><strong><span style=\"text-decoration: underline;\">\u2022 Mars. 1998 &#8211; Ao\u00fbt 1999 Laboratoire Leibniz, UJF, Grenoble<\/span><\/strong><br \/>\nIng\u00e9nieur post-doctoral projet Cabri-g\u00e9om\u00e8tre, \u00e9quipe EIAH<br \/>\nAttach\u00e9 temporaire d&rsquo;enseignement et recherche UFR IMA<\/p>\n<p><strong><span style=\"text-decoration: underline;\">\u2022 Sept. 1993- Ao\u00fbt 1998 Laboratoire Leibniz, UJF, Grenoble<\/span><\/strong><br \/>\n\u00e9tudes doctorales (DEA et th\u00e8se), Universit\u00e9 Joseph Fourier, Grenoble.<br \/>\nArr\u00eat maternit\u00e9<\/p>\n<p><strong><span style=\"text-decoration: underline;\">\u2022 Jan. 1991- juil. 1992 Cenamec, Universidad Sim\u00f3n Bol\u00edvar, Caracas<\/span><\/strong><br \/>\nIng\u00e9nieure informatique au d\u00e9partement d&rsquo;informatique du CENAMEC (Centre National pour l\u2019Am\u00e9lioration de l\u2019Enseignement des Sciences du Venezuela), Caracas.<br \/>\nProfesseur Assistante en informatique \u00e0 l\u2019Universit\u00e9 Sim\u00f3n Bol\u00edvar, Caracas.<\/p>\n<p><strong><span style=\"text-decoration: underline;\">\u2022 Sept. 1989- dec. 1990 Universidad Sim\u00f3n Bol\u00edvar, Caracas<\/span><\/strong><br \/>\nMonitrice d\u2019informatique \u00e0 l&rsquo;universit\u00e9 Sim\u00f3n Bol\u00edvar, Caracas.<\/p>\n","protected":false},"excerpt":{"rendered":"<p>Etudes, qualifications et primes Dipl\u00f4me d\u2019Ing\u00e9nieur en Informatique de l&rsquo;universit\u00e9 Sim\u00f3n Bol\u00edvar, Caracas. \u00c9tudes d\u2019Ing\u00e9nieur en Informatique (dure de 5 ans). Juin 1991. DEA en Didactique des Disciplines Scientifiques, Universit\u00e9 Joseph Fourier, Grenoble. Septembre 1993. Doctorat Universit\u00e9 Joseph Fourier, Grenoble. Septembre 1997. Qualification du CNU de France aux fonctions de Ma\u00eetre de Conf\u00e9rences dans la &hellip; <a href=\"https:\/\/perso.lip6.fr\/Vanda.Luengo\/index.php\/curriculum\/\" class=\"more-link\">Continuer la lecture de <span class=\"screen-reader-text\">Curriculum<\/span><\/a><\/p>\n","protected":false},"author":1,"featured_media":0,"parent":0,"menu_order":0,"comment_status":"closed","ping_status":"closed","template":"","meta":{"footnotes":""},"class_list":["post-54","page","type-page","status-publish","hentry"],"_links":{"self":[{"href":"https:\/\/perso.lip6.fr\/Vanda.Luengo\/index.php\/wp-json\/wp\/v2\/pages\/54","targetHints":{"allow":["GET"]}}],"collection":[{"href":"https:\/\/perso.lip6.fr\/Vanda.Luengo\/index.php\/wp-json\/wp\/v2\/pages"}],"about":[{"href":"https:\/\/perso.lip6.fr\/Vanda.Luengo\/index.php\/wp-json\/wp\/v2\/types\/page"}],"author":[{"embeddable":true,"href":"https:\/\/perso.lip6.fr\/Vanda.Luengo\/index.php\/wp-json\/wp\/v2\/users\/1"}],"replies":[{"embeddable":true,"href":"https:\/\/perso.lip6.fr\/Vanda.Luengo\/index.php\/wp-json\/wp\/v2\/comments?post=54"}],"version-history":[{"count":8,"href":"https:\/\/perso.lip6.fr\/Vanda.Luengo\/index.php\/wp-json\/wp\/v2\/pages\/54\/revisions"}],"predecessor-version":[{"id":364,"href":"https:\/\/perso.lip6.fr\/Vanda.Luengo\/index.php\/wp-json\/wp\/v2\/pages\/54\/revisions\/364"}],"wp:attachment":[{"href":"https:\/\/perso.lip6.fr\/Vanda.Luengo\/index.php\/wp-json\/wp\/v2\/media?parent=54"}],"curies":[{"name":"wp","href":"https:\/\/api.w.org\/{rel}","templated":true}]}}