{"id":61,"date":"2016-02-24T19:00:41","date_gmt":"2016-02-24T18:00:41","guid":{"rendered":"http:\/\/www-desir.lip6.fr\/~luengo\/?page_id=61"},"modified":"2024-08-12T15:12:26","modified_gmt":"2024-08-12T14:12:26","slug":"projets","status":"publish","type":"page","link":"https:\/\/perso.lip6.fr\/Vanda.Luengo\/index.php\/projets\/","title":{"rendered":"Projets"},"content":{"rendered":"<h2>Actuellement<\/h2>\n<p>2023-2028 :\u00a0Projet ANR <a href=\"https:\/\/haspa.insa-lyon.eu\/\">Haspa<\/a>. Responsable scientifique du LIP6.<\/p>\n<p>2023-2026 : projet CIFRE G\u00e9n\u00e9ration5. Encadrante <a href=\"https:\/\/www.lip6.fr\/actualite\/personnes-fiche.php?ident=D2680\">th\u00e8se\u00a0Badmavasan <\/a><\/p>\n<p>2023-2026 : projet CIFRE EvidenceB. Encadrante <a href=\"https:\/\/www.lip6.fr\/actualite\/personnes-fiche.php?ident=D2646\">th\u00e8se Leo<\/a><\/p>\n<p>2022-2023 : Projet NCU, <a href=\"https:\/\/www.sorbonne-universite.fr\/offre-de-formation\/choisir-sa-formation\/le-projet-nouvelles-licences\">NLSU<\/a>. Coordination interfacultaire du projet<\/p>\n<h2><b><i>Dans le pass\u00e9\u00a0<\/i><\/b><\/h2>\n<p><strong><em>Projets Nationaux<\/em><\/strong><\/p>\n<p>2018-2021 : Participation projet MindMATH. Financement\u00a0FUI.<\/p>\n<p>2019-2021 : Participation projet AdaptiveMath, Financement PIA.<\/p>\n<p>2016-2020 : Responsable du projet LEA4PA &#8211; LEarning Analytics for Adaptation and Personnalisation. financ\u00e9 par la DNE.<\/p>\n<p>2015 -2018 : \u00a0<a href=\"http:\/\/lig-membres.imag.fr\/luengo\/?p=199\">Hubble<\/a> (Human Observatory based in analyisys og e-learning traces), projet ANR 2014. \u00a0Responsable scientifique.<\/p>\n<p>2014-2018 : <a href=\"https:\/\/www.researchgate.net\/project\/ANR-MacCoy-Critical-Models-for-Adaptative-feedback-enriChment-and-Orchestration-based-virtual-realitY-in-Critical-situations\">MacCoy<\/a> (Models for Adaptative feedback enriChment and Orchestration based virtual realitY in Critical situations<strong>)<\/strong>, \u00a0projet ANR 2014. Co responsable.<\/p>\n<p>2014-2018 : Co responsable du projet <a href=\"http:\/\/superviseur.lip6.fr\/\">Superviseur<\/a>, analyse de l&rsquo;activit\u00e9 enseignant. Financ\u00e9 par le p\u00f4le cognition Grenoble.<\/p>\n<p>2013-2017\u00a0: Class of the future. Projet soutenu par l&rsquo;Equipex, Amiqual 4 home. Participation.<\/p>\n<p>2014-2015 : Analyse des donn\u00e9es massives d&rsquo;enseignement en m\u00e9decine. Projet soutenu par l&rsquo;IDEX Persyval.\u00a0Coresponsable.<\/p>\n<p>2008-2010 : Uro MasterClass. Formation en ligne \u00e0 partir des vid\u00e9os d\u2019op\u00e9ration en Urologie. Collaboration avec l\u2019h\u00f4pital de Nanterre.<\/p>\n<p>2007-2011\u00a0: Analyse du geste in Technology Enhanced Learning in Orthopedic surgery \u201cTELEOS2\u201d, ANR Blanc.\u00a0Responsable.<\/p>\n<p>2004-2007\u00a0: Analyse des connaissances et conception d\u2019EIAH dans la formation des pilotes. BritAir. Co-responsable.<\/p>\n<p>2004-2006\u00a0: TCAN-CNRS Technology Enhanced Learning in Orthopedic surgery \u201cTELEOS1\u201d.\u00a0Responsable<\/p>\n<p>2002-2003\u00a0: ACI \u00ab\u00a0Evaluation des EIAH\u00a0\u00bb, participation.<\/p>\n<p><strong><em>Projets Internationaux<\/em><\/strong><\/p>\n<p>2019-2023 :\u00a0 pedagogical\u00a0 platforms, 4EU+<\/p>\n<p>2010-2012\u00a0: Membre du r\u00e9seau d\u2019excellence STELLAR. FP7.<\/p>\n<p>2005-2006\u00a0: Coresponsable projet \u201cTEL in medical context\u201d. Projet transversal dans le cadre du r\u00e9seau d\u2019excellence kaleidoscope, FP7.<\/p>\n<p>2003-2005 : Membre projet Share Virtual Laboratory. Platerforme d\u2019analyse des experiences en TEL. Projet transversal dans le cadre du r\u00e9seau d\u2019excellence kaleidoscope, FP7.<\/p>\n<p>2004-2005 : Membre Learning at Work (LTW). Initiative dans le cadre du r\u00e9seau d\u2019excellence kaleidoscope, FP7.<\/p>\n<p>2004-2005\u00a0: Coresponsable projet Design Patterns for Usage analysis (DPULS).<\/p>\n<p>2001-2003\u00a0: Coresponsable projet Ecos-Nord. Conception des micromondes et simulateurs pour l\u2019\u00e9cole primaire.<\/p>\n<p><strong><em>Projets R\u00e9gionaux ou locaux<\/em><\/strong><\/p>\n<p>2013-2016\u00a0: Coresponsable projet Rh\u00f4ne Alpes, outils auteur pour des EIAH orient\u00e9s connaissance.2001-2003\u00a0: Participation projet IMAG e-xp\u00e9rience, plateforme pour l\u2019apprentissage des protocoles exp\u00e9rimentaux.<\/p>\n<p>2013-2015\u00a0: Coresponsable du projet IFE, ADDI, Analyse des d\u00e9cisions didactiques et mod\u00e9lisation informatique2013-2016 : Coresponsable projet p\u00f4le Grenoble cognition, Superviseur, analyse de la perception oculaire de l\u2019enseignant en classe.2004-2005\u00a0: Coresponsable projet IMAG\u00a0: analyse du geste pour la conception d\u2019un EIAH en m\u00e9decine.<\/p>\n<p>2010-2013\u00a0: Coresponsable projet Rh\u00f4ne Alpes, comparaison des diagnostics \u00e0 partir des traces d\u2019interaction.<\/p>\n<p>2003-2011\u00a0: Participation au projet de l\u2019\u00e9quipe TPElec.EIAH pour l\u2019apprentissage en \u00e9lectricit\u00e9.<\/p>\n<p>2006-2009\u00a0: Participant puis responsable du projet cluster r\u00e9gional \u00ab\u00a0Personnalisation des EIAH\u00a0\u00bb.<\/p>\n<p>&nbsp;<\/p>\n","protected":false},"excerpt":{"rendered":"<p>Actuellement 2023-2028 :\u00a0Projet ANR Haspa. Responsable scientifique du LIP6. 2023-2026 : projet CIFRE G\u00e9n\u00e9ration5. Encadrante th\u00e8se\u00a0Badmavasan 2023-2026 : projet CIFRE EvidenceB. Encadrante th\u00e8se Leo 2022-2023 : Projet NCU, NLSU. Coordination interfacultaire du projet Dans le pass\u00e9\u00a0 Projets Nationaux 2018-2021 : Participation projet MindMATH. Financement\u00a0FUI. 2019-2021 : Participation projet AdaptiveMath, Financement PIA. 2016-2020 : Responsable du &hellip; <a href=\"https:\/\/perso.lip6.fr\/Vanda.Luengo\/index.php\/projets\/\" class=\"more-link\">Continuer la lecture de <span class=\"screen-reader-text\">Projets<\/span><\/a><\/p>\n","protected":false},"author":1,"featured_media":0,"parent":0,"menu_order":0,"comment_status":"closed","ping_status":"closed","template":"","meta":{"footnotes":""},"class_list":["post-61","page","type-page","status-publish","hentry"],"_links":{"self":[{"href":"https:\/\/perso.lip6.fr\/Vanda.Luengo\/index.php\/wp-json\/wp\/v2\/pages\/61","targetHints":{"allow":["GET"]}}],"collection":[{"href":"https:\/\/perso.lip6.fr\/Vanda.Luengo\/index.php\/wp-json\/wp\/v2\/pages"}],"about":[{"href":"https:\/\/perso.lip6.fr\/Vanda.Luengo\/index.php\/wp-json\/wp\/v2\/types\/page"}],"author":[{"embeddable":true,"href":"https:\/\/perso.lip6.fr\/Vanda.Luengo\/index.php\/wp-json\/wp\/v2\/users\/1"}],"replies":[{"embeddable":true,"href":"https:\/\/perso.lip6.fr\/Vanda.Luengo\/index.php\/wp-json\/wp\/v2\/comments?post=61"}],"version-history":[{"count":8,"href":"https:\/\/perso.lip6.fr\/Vanda.Luengo\/index.php\/wp-json\/wp\/v2\/pages\/61\/revisions"}],"predecessor-version":[{"id":349,"href":"https:\/\/perso.lip6.fr\/Vanda.Luengo\/index.php\/wp-json\/wp\/v2\/pages\/61\/revisions\/349"}],"wp:attachment":[{"href":"https:\/\/perso.lip6.fr\/Vanda.Luengo\/index.php\/wp-json\/wp\/v2\/media?parent=61"}],"curies":[{"name":"wp","href":"https:\/\/api.w.org\/{rel}","templated":true}]}}