{"id":67,"date":"2016-02-24T19:11:43","date_gmt":"2016-02-24T18:11:43","guid":{"rendered":"http:\/\/www-desir.lip6.fr\/~luengo\/?page_id=67"},"modified":"2020-08-05T15:58:13","modified_gmt":"2020-08-05T14:58:13","slug":"enseignement","status":"publish","type":"page","link":"https:\/\/perso.lip6.fr\/Vanda.Luengo\/index.php\/enseignement\/","title":{"rendered":"Enseignement"},"content":{"rendered":"<p>Mes cours vont du niveau L1 \u00e0 M2.<\/p>\n<p>En<span style=\"color: #800000;\"> <em><strong>L1 et L2<\/strong><\/em> <\/span>j&rsquo;ai enseign\u00e9 plus de 1100 heures principalement en programmation WEB dynamique (html, CSS, php, JavaScript), algorithmique et BD. J&rsquo;ai \u00e9galement propos\u00e9 une UE d&rsquo;initiation \u00e0 l&rsquo;Intelligence Artificielle et Jeux pour le web.<\/p>\n<p>En\u00a0<em><strong><span style=\"color: #800000;\">L3 et M1<\/span><\/strong><\/em> j&rsquo;ai enseign\u00e9 plus de 350 heures Traitement des Images, le d\u00e9veloppement IHM par composants (NetBeans)<\/p>\n<p>Actuellement j&rsquo;enseigne la conception centr\u00e9e Utilisateur et la programmation WEB (plus de 100 heures) dans le master <a href=\"http:\/\/sciences.sorbonne-universite.fr\/fr\/formations\/diplomes\/sciences_et_technologies2\/masters2\/master_management_innovation.html\">Management de l&rsquo;innovation<\/a><\/p>\n<p>Les cours de <span style=\"color: #800000;\"><strong><em>M2\u00a0<\/em><\/strong><\/span>sont\u00a0li\u00e9e \u00e0 ma recherche (plus de 600\u00a0 heures), \u00e0 savoir :<\/p>\n<ul>\n<li>Interaction et Validation dans les EIAH<\/li>\n<li>mod\u00e8le de l\u2019apprenant<\/li>\n<li>Mod\u00e9lisation des interactions didactiques<\/li>\n<li>Conception et mises en \u0153uvre d&rsquo;EIAH, Evaluation des EIAH, Recherche et d\u00e9veloppement dans les EIAH<\/li>\n<li>Architecture des Tuteurs intelligents (cours en fran\u00e7ais et anglais)<\/li>\n<li>mod\u00e8les de diagnostic.<\/li>\n<li>mod\u00e8les de feedback (cours en fran\u00e7ais et anglais)<\/li>\n<\/ul>\n<p>Certaines vid\u00e9os d&rsquo;initiation \u00e0 la recherche en EIAH sont accessibles dans le site de <a href=\"http:\/\/www.atief.fr\/content\/mod%C3%A8le-et-profil-de-lapprenant\">l&rsquo;ATIEF\u00a0<\/a><\/p>\n<p>Ces cours sont donn\u00e9s actuellement dans le parcours <a href=\"http:\/\/www.master.management.upmc.fr\/fr\/index\/organisation.html\">EDTech <\/a>du master\u00a0<a href=\"http:\/\/sciences.sorbonne-universite.fr\/fr\/formations\/diplomes\/sciences_et_technologies2\/masters2\/master_management_innovation.html\">Management de l&rsquo;innovation<\/a><\/p>\n<p>La mod\u00e9lisation de l&rsquo;utilisateur est aussi enseign\u00e9e dans le master <a href=\"http:\/\/androide.lip6.fr\/?q=taxonomy\/term\/2\">ANDROIDE d<\/a>epuis\u00a0de septembre 2019, dans l&rsquo;UE <a href=\"http:\/\/androide.lip6.fr\/?q=node\/26\">EVHI<\/a> dont je suis responsable<\/p>\n","protected":false},"excerpt":{"rendered":"<p>Mes cours vont du niveau L1 \u00e0 M2. En L1 et L2 j&rsquo;ai enseign\u00e9 plus de 1100 heures principalement en programmation WEB dynamique (html, CSS, php, JavaScript), algorithmique et BD. J&rsquo;ai \u00e9galement propos\u00e9 une UE d&rsquo;initiation \u00e0 l&rsquo;Intelligence Artificielle et Jeux pour le web. En\u00a0L3 et M1 j&rsquo;ai enseign\u00e9 plus de 350 heures Traitement des &hellip; <a href=\"https:\/\/perso.lip6.fr\/Vanda.Luengo\/index.php\/enseignement\/\" class=\"more-link\">Continuer la lecture de <span class=\"screen-reader-text\">Enseignement<\/span><\/a><\/p>\n","protected":false},"author":1,"featured_media":0,"parent":0,"menu_order":0,"comment_status":"closed","ping_status":"closed","template":"","meta":{"footnotes":""},"class_list":["post-67","page","type-page","status-publish","hentry"],"_links":{"self":[{"href":"https:\/\/perso.lip6.fr\/Vanda.Luengo\/index.php\/wp-json\/wp\/v2\/pages\/67","targetHints":{"allow":["GET"]}}],"collection":[{"href":"https:\/\/perso.lip6.fr\/Vanda.Luengo\/index.php\/wp-json\/wp\/v2\/pages"}],"about":[{"href":"https:\/\/perso.lip6.fr\/Vanda.Luengo\/index.php\/wp-json\/wp\/v2\/types\/page"}],"author":[{"embeddable":true,"href":"https:\/\/perso.lip6.fr\/Vanda.Luengo\/index.php\/wp-json\/wp\/v2\/users\/1"}],"replies":[{"embeddable":true,"href":"https:\/\/perso.lip6.fr\/Vanda.Luengo\/index.php\/wp-json\/wp\/v2\/comments?post=67"}],"version-history":[{"count":11,"href":"https:\/\/perso.lip6.fr\/Vanda.Luengo\/index.php\/wp-json\/wp\/v2\/pages\/67\/revisions"}],"predecessor-version":[{"id":284,"href":"https:\/\/perso.lip6.fr\/Vanda.Luengo\/index.php\/wp-json\/wp\/v2\/pages\/67\/revisions\/284"}],"wp:attachment":[{"href":"https:\/\/perso.lip6.fr\/Vanda.Luengo\/index.php\/wp-json\/wp\/v2\/media?parent=67"}],"curies":[{"name":"wp","href":"https:\/\/api.w.org\/{rel}","templated":true}]}}